{"id":1795,"date":"2025-06-11T17:32:40","date_gmt":"2025-06-11T14:32:40","guid":{"rendered":"https:\/\/bomb-bunker.com\/erklaerung-zur-barrierefreiheit\/"},"modified":"2026-03-27T17:30:08","modified_gmt":"2026-03-27T15:30:08","slug":"erklaerung-zur-barrierefreiheit","status":"publish","type":"page","link":"https:\/\/bomb-bunker.com\/de\/erklaerung-zur-barrierefreiheit\/","title":{"rendered":"Erkl\u00e4rung zur Barrierefreiheit"},"content":{"rendered":"\t\t<div data-elementor-type=\"wp-page\" data-elementor-id=\"1795\" class=\"elementor elementor-1795 elementor-1470\" data-elementor-post-type=\"page\">\n\t\t\t\t<div class=\"elementor-element elementor-element-440bcaca e-flex e-con-boxed e-con e-parent\" data-id=\"440bcaca\" data-element_type=\"container\" data-e-type=\"container\">\n\t\t\t\t\t<div class=\"e-con-inner\">\n\t\t\t\t<div class=\"elementor-element elementor-element-907314a elementor-icon-list--layout-traditional elementor-list-item-link-full_width elementor-widget elementor-widget-icon-list\" data-id=\"907314a\" data-element_type=\"widget\" data-e-type=\"widget\" data-widget_type=\"icon-list.default\">\n\t\t\t\t<div class=\"elementor-widget-container\">\n\t\t\t\t\t\t\t<ul class=\"elementor-icon-list-items\">\n\t\t\t\t\t\t\t<li class=\"elementor-icon-list-item\">\n\t\t\t\t\t\t\t\t\t\t\t<span class=\"elementor-icon-list-icon\">\n\t\t\t\t\t\t\t<i aria-hidden=\"true\" class=\"pommivarjend pommivarjend-025-qr-code\"><\/i>\t\t\t\t\t\t<\/span>\n\t\t\t\t\t\t\t\t\t\t<span class=\"elementor-icon-list-text\">Bomb-bunker.com<\/span>\n\t\t\t\t\t\t\t\t\t<\/li>\n\t\t\t\t\t\t\t\t<li class=\"elementor-icon-list-item\">\n\t\t\t\t\t\t\t\t\t\t\t<span class=\"elementor-icon-list-icon\">\n\t\t\t\t\t\t\t<i aria-hidden=\"true\" class=\"pommivarjend pommivarjend-040-id-card\"><\/i>\t\t\t\t\t\t<\/span>\n\t\t\t\t\t\t\t\t\t\t<span class=\"elementor-icon-list-text\">30. April 2026<\/span>\n\t\t\t\t\t\t\t\t\t<\/li>\n\t\t\t\t\t\t<\/ul>\n\t\t\t\t\t\t<\/div>\n\t\t\t\t<\/div>\n\t\t\t\t<div class=\"elementor-element elementor-element-41cde90 elementor-widget elementor-widget-text-editor\" data-id=\"41cde90\" data-element_type=\"widget\" data-e-type=\"widget\" data-widget_type=\"text-editor.default\">\n\t\t\t\t<div class=\"elementor-widget-container\">\n\t\t\t\t\t\t\t\t\t<p><strong>Laut WHO leiden weltweit etwa eine Milliarde Menschen an Sehbehinderungen, die vermeidbar gewesen w\u00e4ren oder unbehandelt geblieben sind. Dazu geh\u00f6ren 94 Millionen F\u00e4lle von Katarakten, 88,4 Millionen F\u00e4lle von Refraktionsfehlern, 8 Millionen F\u00e4lle von altersbedingter Makuladegeneration, 7,7 Millionen F\u00e4lle von Glaukom und 3,9 Millionen F\u00e4lle von diabetischer Retinopathie. Zus\u00e4tzlich leiden 826 Millionen Menschen an Kurzsichtigkeit aufgrund unbehandelter Presbyopie.  <\/strong><\/p>\n<p>Um sicherzustellen, dass die auf unserer Website pr\u00e4sentierten Informationen sowie die pers\u00f6nlichen Sicherheits- und Schutzoptionen in Form unserer Bombenschutzr\u00e4ume verf\u00fcgbar sind, haben wir unsere Website so gestaltet, dass sie f\u00fcr m\u00f6glichst viele Menschen zug\u00e4nglich ist, unabh\u00e4ngig von ihren k\u00f6rperlichen oder kognitiven F\u00e4higkeiten. <\/p>\n<p>Um dieses Ziel zu erreichen, bem\u00fchen wir uns, die Richtlinien f\u00fcr barrierefreie Webinhalte 2.1 AA des World Wide Web Consortium (W3C) so genau wie m\u00f6glich zu befolgen. Diese Richtlinien erkl\u00e4ren, wie Webinhalte f\u00fcr Menschen mit verschiedenen Behinderungen zug\u00e4nglich gemacht werden k\u00f6nnen. Die Befolgung dieser Richtlinien hilft uns sicherzustellen, dass die Website f\u00fcr alle zug\u00e4nglich ist: blinde Menschen, Menschen mit motorischen Behinderungen, Menschen mit Sehbehinderungen, Menschen mit kognitiven Behinderungen und viele andere. Diese Website verwendet eine Reihe von Technologien, die darauf ausgelegt sind, die Barrierefreiheit jederzeit zu gew\u00e4hrleisten.    <\/p>\n<p>Wir verwenden eine Barrierefreiheits-Schnittstelle, die es Menschen mit spezifischen Behinderungen erm\u00f6glicht, die Benutzeroberfl\u00e4che und das Design der Website an ihre Bed\u00fcrfnisse anzupassen. Dar\u00fcber hinaus verwendet die Website eine im Hintergrund laufende, auf k\u00fcnstlicher Intelligenz basierende Anwendung, die ihr Barrierefreiheitsniveau kontinuierlich optimiert.  <span style=\"font-style: inherit; font-weight: inherit;\">Diese Anwendung verbessert das HTML der Website, passt ihre Funktionen und ihr Verhalten f\u00fcr Screenreader und die Tastaturnavigation an, die von Menschen mit motorischen Behinderungen verwendet werden.<\/span><span style=\"font-style: inherit; font-weight: inherit;\"> Wenn Sie einen Fehler gefunden haben oder Ideen haben, wie wir die Website verbessern k\u00f6nnen, kontaktieren Sie uns bitte.<\/span><\/p>\n<p><\/p>\n<h3>Navigation mit Screenreader und Tastatur<\/h3>\n<p><\/p>\n<p>Unsere Website implementiert ARIA-Techniken (Accessible Rich Internet Applications) zusammen mit verschiedenen Verhaltensanpassungen, um sicherzustellen, dass blinde Benutzer, die Screenreader verwenden, die Funktionen der Website lesen, verstehen und nutzen k\u00f6nnen. Besuchern, die Screenreader verwenden, wird beim Betreten die M\u00f6glichkeit geboten, ein Screenreader-Profil zu aktivieren, damit sie die Website effektiv navigieren und nutzen k\u00f6nnen. <\/p>\n<p><\/p>\n<h4>Screenreader-Optimierung:<\/h4>\n<p><\/p>\n<p>Wir verwenden einen Hintergrundprozess, der Website-Komponenten von oben nach unten lernt, um die Konformit\u00e4t auch bei Website-Updates zu gew\u00e4hrleisten. W\u00e4hrend dieses Prozesses stellen wir Screenreadern mithilfe von ARIA-Attributen aussagekr\u00e4ftige Informationen zur Verf\u00fcgung. Zum Beispiel f\u00fcgen wir genaue Formular-Tags, Beschreibungen f\u00fcr Symbole (Social-Media-Symbole, Suchsymbole, Warenkorbsymbole usw.), Anweisungen zum Ausf\u00fcllen von Formularfeldern und Rollen f\u00fcr Elemente (Schaltfl\u00e4chen, Men\u00fcs, Popups usw.) hinzu. Dar\u00fcber hinaus scannt der Hintergrundprozess alle Bilder auf der Website und f\u00fcgt ihnen genaue Beschreibungen als ALT-Tags hinzu.   <\/p>\n<p><\/p>\n<h4>Optimierung der Tastaturnavigation:<\/h4>\n<p><\/p>\n<p>Der Hintergrundprozess passt das HTML einer Website an und f\u00fcgt verschiedene Verhaltensweisen hinzu, um die Website mit einer Tastatur nutzbar zu machen. Dazu geh\u00f6rt die M\u00f6glichkeit, Websites mit den Tasten Tab und Umschalt+Tab zu navigieren, die Pfeiltasten zum \u00d6ffnen von Men\u00fcs zu verwenden, diese mit der Esc-Taste zu schlie\u00dfen, die Eingabetaste zum Aktivieren von Schaltfl\u00e4chen und Links zu verwenden und mit den Pfeiltasten zwischen Auswahlelementen zu wechseln. <\/p>\n<p><\/p>\n<h3>Von der Website unterst\u00fctzte Behinderungsprofile<\/h3>\n<p><\/p>\n<ul>\n<li style=\"list-style-type: none;\">\n<ul><\/ul>\n<\/li>\n<\/ul>\n<ul>\n<li style=\"list-style-type: none;\">\n<ul>\n<li><strong><span class=\"jCAhz ChMk0b\"><span class=\"ryNqvb\">Epilepsie-sicherer Modus: Eliminiert blinkende oder riskante Farbkombinationen.<\/span><\/span> <\/strong><\/li>\n<li><strong><span class=\"jCAhz\"><span class=\"ryNqvb\">Modus f\u00fcr Sehbehinderte: Passt die Website an die Bed\u00fcrfnisse von Menschen mit Sehschw\u00e4che, Tunnelblick, Katarakten und Glaukom an.<\/span><\/span> <\/strong><\/li>\n<li><strong><span class=\"jCAhz\"><span class=\"ryNqvb\">Modus f\u00fcr kognitive Beeintr\u00e4chtigungen: Bietet Hilfsmittel, die die Konzentration auf wichtige Elemente erleichtern.<\/span><\/span> <\/strong><\/li>\n<li><strong><span class=\"jCAhz ChMk0b\"><span class=\"ryNqvb\">ADHS-freundlicher Modus: Reduziert ablenkende Elemente auf der Website.<\/span><\/span> <\/strong><\/li>\n<li><strong><span class=\"jCAhz ChMk0b\"><span class=\"ryNqvb\">Blind-Modus: Erm\u00f6glicht volle Kompatibilit\u00e4t mit Screenreadern wie JAWS und NVDA.<\/span><\/span> <\/strong><\/li>\n<li><strong><span class=\"jCAhz ChMk0b\"><span class=\"ryNqvb\">Modus f\u00fcr motorische Beeintr\u00e4chtigungen: Erm\u00f6glicht die Tastaturnavigation, einschlie\u00dflich Tastenkombinationen.<\/span><\/span><\/strong><\/li>\n<\/ul>\n<\/li>\n<\/ul>\n<p><\/p>\n<p><\/p>\n<h3>Zus\u00e4tzliche Anpassungen<\/h3>\n<p><\/p>\n<ul>\n<li style=\"list-style-type: none;\">\n<ul><\/ul>\n<\/li>\n<\/ul>\n<ul>\n<li style=\"list-style-type: none;\">\n<ul>\n<li>\n<p><strong>Schriftarten: Gr\u00f6\u00dfe, Schriftstil, Ausrichtung usw. \u00e4ndern.<\/strong><\/p>\n<\/li>\n<li>\n<p><strong style=\"font-size: 16px;\">Farbkontraste: Verschiedene Farbmodi, einschlie\u00dflich Monochrom und Invertiert.<\/strong><\/p>\n<\/li>\n<li>\n<p><strong>Animationen: Alle Animationen mit einem Klick stoppen.<\/strong><\/p>\n<\/li>\n<li>\n<p><strong>Stummschalten: Die M\u00f6glichkeit, die Website vollst\u00e4ndig stummzuschalten.<\/strong><\/p>\n<\/li>\n<\/ul>\n<\/li>\n<\/ul>\n<p><span style=\"font-size: 1.5em; font-weight: bold;\">Kommentare und Feedback<\/span><\/p>\n<p><\/p>\n<p><span class=\"jCAhz ChMk0b\"><span class=\"ryNqvb\">Obwohl wir unser Bestes tun, gibt es m\u00f6glicherweise Seiten, die noch nicht vollst\u00e4ndig barrierefrei sind.<\/span><\/span> <span class=\"jCAhz ChMk0b\"><span class=\"ryNqvb\">Wenn Sie Hilfe ben\u00f6tigen, kontaktieren Sie bitte unseren Website-Entwickler\/Administrator unter info@skald.ee.<\/span><\/span><\/p>\n<p><\/p>\n<p><\/p>\t\t\t\t\t\t\t\t<\/div>\n\t\t\t\t<\/div>\n\t\t\t\t\t<\/div>\n\t\t\t\t<\/div>\n\t\t\t\t<\/div>\n\t\t","protected":false},"excerpt":{"rendered":"<p>Bomb-bunker.com Laut WHO leiden weltweit etwa eine Milliarde Menschen an Sehbehinderungen, die vermeidbar gewesen w\u00e4ren oder unbehandelt geblieben sind. Dazu geh\u00f6ren 94 Millionen F\u00e4lle von Katarakten, 88,4 Millionen F\u00e4lle von Refraktionsfehlern, 8 Millionen F\u00e4lle von altersbedingter Makuladegeneration, 7,7 Millionen F\u00e4lle von Glaukom und 3,9 Millionen F\u00e4lle von diabetischer Retinopathie. Zus\u00e4tzlich leiden 826 Millionen Menschen an [&hellip;]<\/p>\n","protected":false},"author":1,"featured_media":0,"parent":0,"menu_order":0,"comment_status":"closed","ping_status":"closed","template":"","meta":{"site-sidebar-layout":"no-sidebar","site-content-layout":"page-builder","ast-site-content-layout":"full-width-container","site-content-style":"default","site-sidebar-style":"default","ast-global-header-display":"","ast-banner-title-visibility":"","ast-main-header-display":"","ast-hfb-above-header-display":"","ast-hfb-below-header-display":"","ast-hfb-mobile-header-display":"","site-post-title":"disabled","ast-breadcrumbs-content":"","ast-featured-img":"disabled","footer-sml-layout":"","theme-transparent-header-meta":"","adv-header-id-meta":"","stick-header-meta":"","header-above-stick-meta":"","header-main-stick-meta":"","header-below-stick-meta":"","astra-migrate-meta-layouts":"default","ast-page-background-enabled":"default","ast-page-background-meta":{"desktop":{"background-color":"var(--ast-global-color-4)","background-image":"","background-repeat":"repeat","background-position":"center center","background-size":"auto","background-attachment":"scroll","background-type":"","background-media":"","overlay-type":"","overlay-color":"","overlay-opacity":"","overlay-gradient":""},"tablet":{"background-color":"","background-image":"","background-repeat":"repeat","background-position":"center center","background-size":"auto","background-attachment":"scroll","background-type":"","background-media":"","overlay-type":"","overlay-color":"","overlay-opacity":"","overlay-gradient":""},"mobile":{"background-color":"","background-image":"","background-repeat":"repeat","background-position":"center center","background-size":"auto","background-attachment":"scroll","background-type":"","background-media":"","overlay-type":"","overlay-color":"","overlay-opacity":"","overlay-gradient":""}},"ast-content-background-meta":{"desktop":{"background-color":"var(--ast-global-color-5)","background-image":"","background-repeat":"repeat","background-position":"center center","background-size":"auto","background-attachment":"scroll","background-type":"","background-media":"","overlay-type":"","overlay-color":"","overlay-opacity":"","overlay-gradient":""},"tablet":{"background-color":"var(--ast-global-color-5)","background-image":"","background-repeat":"repeat","background-position":"center center","background-size":"auto","background-attachment":"scroll","background-type":"","background-media":"","overlay-type":"","overlay-color":"","overlay-opacity":"","overlay-gradient":""},"mobile":{"background-color":"var(--ast-global-color-5)","background-image":"","background-repeat":"repeat","background-position":"center center","background-size":"auto","background-attachment":"scroll","background-type":"","background-media":"","overlay-type":"","overlay-color":"","overlay-opacity":"","overlay-gradient":""}},"footnotes":""},"class_list":["post-1795","page","type-page","status-publish","hentry"],"_links":{"self":[{"href":"https:\/\/bomb-bunker.com\/de\/wp-json\/wp\/v2\/pages\/1795","targetHints":{"allow":["GET"]}}],"collection":[{"href":"https:\/\/bomb-bunker.com\/de\/wp-json\/wp\/v2\/pages"}],"about":[{"href":"https:\/\/bomb-bunker.com\/de\/wp-json\/wp\/v2\/types\/page"}],"author":[{"embeddable":true,"href":"https:\/\/bomb-bunker.com\/de\/wp-json\/wp\/v2\/users\/1"}],"replies":[{"embeddable":true,"href":"https:\/\/bomb-bunker.com\/de\/wp-json\/wp\/v2\/comments?post=1795"}],"version-history":[{"count":3,"href":"https:\/\/bomb-bunker.com\/de\/wp-json\/wp\/v2\/pages\/1795\/revisions"}],"predecessor-version":[{"id":1798,"href":"https:\/\/bomb-bunker.com\/de\/wp-json\/wp\/v2\/pages\/1795\/revisions\/1798"}],"wp:attachment":[{"href":"https:\/\/bomb-bunker.com\/de\/wp-json\/wp\/v2\/media?parent=1795"}],"curies":[{"name":"wp","href":"https:\/\/api.w.org\/{rel}","templated":true}]}}