{"id":1828,"date":"2022-03-09T10:27:31","date_gmt":"2022-03-09T08:27:31","guid":{"rendered":"https:\/\/bomb-bunker.com\/datenschutzerklaerung\/"},"modified":"2026-03-27T17:31:13","modified_gmt":"2026-03-27T15:31:13","slug":"datenschutzerklaerung","status":"publish","type":"page","link":"https:\/\/bomb-bunker.com\/de\/datenschutzerklaerung\/","title":{"rendered":"Datenschutzerkl\u00e4rung"},"content":{"rendered":"\t\t<div data-elementor-type=\"wp-page\" data-elementor-id=\"1828\" class=\"elementor elementor-1828 elementor-3\" data-elementor-post-type=\"page\">\n\t\t\t\t<div class=\"elementor-element elementor-element-3a2cda40 e-flex e-con-boxed e-con e-parent\" data-id=\"3a2cda40\" data-element_type=\"container\" data-e-type=\"container\">\n\t\t\t\t\t<div class=\"e-con-inner\">\n\t\t\t\t<div class=\"elementor-element elementor-element-3734c5cb elementor-widget elementor-widget-text-editor\" data-id=\"3734c5cb\" data-element_type=\"widget\" data-e-type=\"widget\" data-widget_type=\"text-editor.default\">\n\t\t\t\t<div class=\"elementor-widget-container\">\n\t\t\t\t\t\t\t\t\t<div data-id=\"8c69915\" data-element_type=\"widget\" data-widget_type=\"heading.default\">\n<div><\/div>\n<\/div>\n<div data-id=\"53a4a3bf\" data-element_type=\"widget\" data-widget_type=\"text-editor.default\">\n<div>\n<p><span style=\"font-size: 1rem;\">BSF Shelters<\/span> legt Wert auf den Schutz Ihrer Privatsph\u00e4re und die Einhaltung aller geltenden Gesetze und Vorschriften bez\u00fcglich aller personenbezogenen Daten, die wir m\u00f6glicherweise \u00fcber Sie erfassen, wenn Sie unsere Website unter <a href=\"https:\/\/bomb-bunker.com\/de\/\">bomb-bunker.com<\/a> besuchen. Durch die Nutzung unserer Website erkl\u00e4ren Sie sich damit einverstanden, dass wir Ihre Daten gem\u00e4\u00df dieser Datenschutzerkl\u00e4rung erfassen und verwenden d\u00fcrfen. <\/p>\n<p>Mit dieser Datenschutzerkl\u00e4rung m\u00f6chten wir Ihnen erl\u00e4utern, welche Daten wir erfassen, wie wir sie verwenden und welche Rechte Sie zum Schutz Ihrer Daten haben. Die Richtlinie gilt nur f\u00fcr unsere Website und ihre Besucher und nicht f\u00fcr Daten, die \u00fcber andere Kan\u00e4le erfasst werden. <\/p>\n<p>Ihr Datenverantwortlicher ist Bomb Shelter Finland Oy<\/p>\n<ul>\n<li>Handelsregisternummer: 2527425-1<\/li>\n<li>E-Mail: privacy@bomb-bunker.com<\/li>\n<\/ul>\n<p>Wir erfassen und verarbeiten Informationen gem\u00e4\u00df der Datenschutz-Grundverordnung (DSGVO) der Europ\u00e4ischen Union, die am 25.05.2018 in Kraft getreten ist.<\/p>\n<\/div>\n<\/div>\n<div data-id=\"1432387\" data-element_type=\"widget\" data-widget_type=\"heading.default\">\n<div>\n<h2>Datenerfassung und -nutzung<\/h2>\n<\/div>\n<\/div>\n<div data-id=\"5ed2cd8\" data-element_type=\"widget\" data-widget_type=\"text-editor.default\">\n<div>\n<h3>Welche Daten wir erfassen<\/h3>\n<p>Die erfassten Informationen umfassen sowohl Daten, die Sie uns wissentlich und aktiv zur Verf\u00fcgung stellen, wenn Sie unsere Dienste oder Aktionen nutzen oder daran teilnehmen, als auch alle Informationen, die Ihre Ger\u00e4te beim Zugriff auf unsere Produkte und Dienste senden.<\/p>\n<p>Die von uns erfassten Daten umfassen Informationen, die Sie uns bei der Nutzung unserer Dienste oder Kampagnen wissentlich mitgeteilt haben, sowie Informationen, die Ihre Ger\u00e4te uns automatisch \u00fcbermitteln.<\/p>\n<p>Ihre personenbezogenen Daten k\u00f6nnen uns auf folgende Weisen erreichen:<\/p>\n<ul>\n<li>Wenn Sie uns telefonisch, per E-Mail oder Online-Chat kontaktieren<\/li>\n<li>Wenn Sie ein Produkt auf Raten kaufen und einen Leasingvertrag unterzeichnen<\/li>\n<li>Wenn Sie die Website <a href=\"https:\/\/bomb-bunker.com\/de\/\">bomb-bunker.com<\/a> besuchen<\/li>\n<li>Wenn Sie personenbezogene Daten \u00fcber eine andere Person \u00fcbermitteln, die die Waren erhalten wird<\/li>\n<li>Wenn Sie Zahlungen \u00fcber eine E-Bank oder eine andere elektronische Zahlungsmethode vornehmen<\/li>\n<li>Wenn Sie einen Beitrag auf unserem Social-Media-Konto kommentieren, liken oder teilen<\/li>\n<li>Wenn Sie unseren Newsletter abonnieren<\/li>\n<li>Wenn Sie Beitr\u00e4ge auf unserer Website kommentieren<\/li>\n<\/ul>\n<\/div>\n<\/div>\n<div data-id=\"0b535f4\" data-element_type=\"widget\" data-widget_type=\"text-editor.default\">\n<div>\n<h3>Arten der erfassten Daten<\/h3>\n<h4>Personenbezogene Daten<\/h4>\n<p>Wir bitten Sie nur dann um personenbezogene Daten, wenn dies zur Erbringung einer Dienstleistung erforderlich ist. Durch die Kontaktaufnahme mit uns oder den Besuch unserer Website ist es m\u00f6glich, dass Sie uns die folgenden Informationen mitteilen: <\/p>\n<ul>\n<li>Vor- und Nachname<\/li>\n<li>E-Mail-Adresse<\/li>\n<li>Postanschrift, Land, Bundesland, Stadt<\/li>\n<li>Telefonnummer<\/li>\n<li>Der Gespr\u00e4chsverlauf zwischen Ihnen und uns<\/li>\n<li>Informationen \u00fcber Ihren Webbrowser und Ihre IP-Adresse<\/li>\n<\/ul>\n<h4>Protokolldateien<\/h4>\n<p>Unsere Website <a href=\"https:\/\/bomb-bunker.com\/de\/\">bomb-bunker.com<\/a> speichert Protokolldateien \u00fcber ihre Besucher. Die erfassten Informationen k\u00f6nnen Folgendes umfassen: <\/p>\n<ul>\n<li>Verwendeter Ger\u00e4tetyp<\/li>\n<li>Teilweise Internetprotokoll (IP)-Adresse<\/li>\n<li>Browsertyp<\/li>\n<li>Internetdienstanbieter (ISP)<\/li>\n<li>Datum und Uhrzeit des Website-Besuchs<\/li>\n<li>Einstiegs- und Ausstiegsseite, Anzahl der Klicks auf der Website<\/li>\n<\/ul>\n<p>Die Informationen in den Protokolldateien werden verwendet, um Trends zu analysieren, die Website zu verwalten, die Aktivit\u00e4ten der Seitenbesucher zu \u00fcberwachen und demografische Informationen zu sammeln. Die erhaltenen Informationen sind nicht dazu bestimmt und erm\u00f6glichen auch nicht die Identifizierung einer Person. Alle Besucherdaten werden anonymisiert, und es ist nicht m\u00f6glich, spezifische Aktivit\u00e4ten mit IP-Adressen zu verkn\u00fcpfen.  <\/p>\n<h4>Cookies<\/h4>\n<p>Wie die meisten Websites verwendet auch <a href=\"https:\/\/bomb-bunker.com\/de\/\">bomb-bunker.com<\/a> \u201eCookies\u201c. Ein Cookie ist im Wesentlichen eine Textdatei, die auf dem Ger\u00e4t des Benutzers gespeichert wird, wenn er eine Website besucht. Cookies werden verwendet, um Pr\u00e4ferenzen, regionale Einstellungen, Optionen zur Dienstnutzung und mehr zu bestimmen und zu speichern.  <\/p>\n<p>Wenn Sie m\u00f6chten, k\u00f6nnen Sie die Verwendung von Cookies in Ihren Browsereinstellungen deaktivieren, aber in diesem Fall kann der Ihnen angebotene Dienst beeintr\u00e4chtigt werden.<\/p>\n<p>Cookies werden in persistente und Sitzungscookies unterteilt. Persistente Cookies bleiben auf Ihrem Personal Computer oder Mobilger\u00e4t, auch nachdem Sie Ihren Browser oder Computer geschlossen haben. Sitzungscookies hingegen werden sofort nach dem Schlie\u00dfen des Browsers gel\u00f6scht.  <\/p>\n<p>Cookies werden nach ihrem Zweck unterteilt:<\/p>\n<p><b>Notwendige Cookies.<\/b> Sitzungscookies, deren Zweck es ist, Ihnen die Nutzung der auf unserer Website angebotenen Dienste zu erm\u00f6glichen. Diese Cookies helfen, Benutzer zu authentifizieren und den missbr\u00e4uchlichen Gebrauch von Benutzerkonten zu verhindern. Ohne diese Cookies k\u00f6nnen wir Ihnen die gew\u00fcnschten Dienste nicht anbieten.  <\/p>\n<p><b>Benachrichtigungs-Cookies.<\/b> Diese Cookies identifizieren, ob Benutzer die Verwendung von Cookies auf der Website akzeptiert haben.<\/p>\n<p><b>Funktionalit\u00e4ts-Cookies.<\/b> Diese Cookies erm\u00f6glichen es Ihrem Browser, sich an die von Ihnen getroffenen Entscheidungen bei der Nutzung der Website zu erinnern, wie z. B. die Speicherung Ihrer Anmeldedaten oder Spracheinstellungen. Der Zweck dieser Cookies ist es, Ihnen ein pers\u00f6nlicheres Erlebnis zu bieten und zu vermeiden, dass Sie Ihre Pr\u00e4ferenzen erneut eingeben m\u00fcssen. <\/p>\n<\/div>\n<\/div>\n<div data-id=\"d1f5110\" data-element_type=\"widget\" data-widget_type=\"text-editor.default\">\n<div>\n<h3>Wie wir Daten verwenden<\/h3>\n<p>Wir k\u00f6nnen die gesammelten Informationen f\u00fcr verschiedene Zwecke verwenden, einschlie\u00dflich:<\/p>\n<ul>\n<li>Zur Pflege, zum Betrieb, zur Entwicklung, Personalisierung und Erweiterung unserer Website<\/li>\n<li>Um Statistiken zu sammeln, damit wir bessere Dienste und\/oder Angebote anbieten und das Verhalten unserer Website-Besucher verstehen und analysieren k\u00f6nnen<\/li>\n<li>Um Sie telefonisch, per Nachricht oder E-Mail zu identifizieren<\/li>\n<li>Beim Senden von Informationen und Anfordern von Feedback zu unseren Diensten<\/li>\n<li>Zur Betrugspr\u00e4vention und zum Schutz unserer Website<\/li>\n<li>Um uns zu erm\u00f6glichen, Sie \u00fcber ein Social-Media-Konto zu kontaktieren<\/li>\n<li>Um das Lesen des Gespr\u00e4chsverlaufs zu erm\u00f6glichen, um die Bereitstellung relevanter Ratschl\u00e4ge zu beschleunigen<\/li>\n<li>Mit dem Ziel, die Qualit\u00e4t unseres Dienstes zu verbessern und effektivere Browsing-L\u00f6sungen anzubieten<\/li>\n<li>Zur Entwicklung neuer Produkte, Dienste oder zur Verbesserung ihrer Funktionalit\u00e4t<\/li>\n<li>F\u00fcr den Versand\/die Lieferung von Waren, die Bearbeitung von Bestellungen, die Ausstellung von Rechnungen, die Bestellung \u00fcber einen Banklink und die Best\u00e4tigung Ihrer Bestellung oder die R\u00fcckerstattung von Geld<\/li>\n<li>Unter Ber\u00fccksichtigung Ihrer fr\u00fcheren Bestellungen, um Produkte und Dienstleistungen anzubieten, die f\u00fcr Sie von Interesse sein k\u00f6nnten<\/li>\n<li>Um unsere Interaktionen zu vereinfachen und zu beschleunigen, wenn Sie uns kontaktieren<\/li>\n<li>F\u00fcr andere Zwecke. Zum Beispiel zur Datenanalyse, Trendforschung, Bewertung der Wirksamkeit unserer Werbekampagnen. <\/li>\n<\/ul>\n<\/div>\n<\/div>\n<div data-id=\"640b04c\" data-element_type=\"widget\" data-widget_type=\"text-editor.default\">\n<div>\n<h3>In welchen F\u00e4llen ist es m\u00f6glich, dass wir Ihre Daten weitergeben<\/h3>\n<ul>\n<li>Wir k\u00f6nnen Ihre personenbezogenen Daten im Zusammenhang mit einem Eigent\u00fcmerwechsel, einer Fusion, einem Verkauf von Verm\u00f6genswerten, einer Finanzierung oder einer \u00dcbernahme unseres Unternehmens weitergeben oder \u00fcbertragen. Wir werden Sie \u00fcber die \u00dcbertragung Ihrer personenbezogenen Daten informieren und wann diese den Bestimmungen einer anderen Datenschutzerkl\u00e4rung unterliegen. <\/li>\n<li>Wir k\u00f6nnen Ihre Daten an unsere Partnerunternehmen weitergeben und von ihnen verlangen, diese Datenschutzerkl\u00e4rung einzuhalten. Partnerunternehmen umfassen unsere Mutter- und Tochtergesellschaften, Joint-Venture-Partner oder Unternehmen, die zu uns geh\u00f6ren. <\/li>\n<li>Wir k\u00f6nnen Ihre Daten an unsere Gesch\u00e4ftspartner weitergeben, um Ihnen bestimmte Produkte, Dienstleistungen oder Aktionen anzubieten.<\/li>\n<li>Mit Ihrer schriftlichen Zustimmung k\u00f6nnen wir Ihre personenbezogenen Daten f\u00fcr jeden anderen Zweck offenlegen.<\/li>\n<li>Wir sind verpflichtet, Ihre personenbezogenen Daten offenzulegen, wenn dies gesetzlich vorgeschrieben ist. Nach bestem Wissen und Gewissen k\u00f6nnen wir Ihre Daten auch offenlegen, um einer rechtlichen Verpflichtung nachzukommen, unsere Rechte oder unser Eigentum zu sch\u00fctzen, m\u00f6gliche Verst\u00f6\u00dfe im Zusammenhang mit der Nutzung unseres Dienstes zu verhindern oder aufzudecken und die Sicherheit der Dienstnutzer zu gew\u00e4hrleisten. <\/li>\n<\/ul>\n<\/div>\n<\/div>\n<div data-id=\"cc575d8\" data-element_type=\"widget\" data-widget_type=\"text-editor.default\">\n<div>\n<h3>Aufbewahrung Ihrer personenbezogenen Daten<\/h3>\n<p>Das Unternehmen speichert Ihre personenbezogenen Daten nur so lange, wie dies f\u00fcr die in dieser Datenschutzerkl\u00e4rung festgelegten Zwecke erforderlich ist. Wir werden Ihre personenbezogenen Daten speichern und verwenden, soweit dies zur Erf\u00fcllung unserer rechtlichen Verpflichtungen (z. B. wenn wir Ihre Daten zur Einhaltung geltender Gesetze aufbewahren m\u00fcssen), zur Beilegung von Streitigkeiten und zur Durchsetzung unserer rechtlichen Vereinbarungen und Richtlinien erforderlich ist. <\/p>\n<p>Das Unternehmen speichert Protokolldateien auch f\u00fcr interne Analysezwecke. Protokolldateien werden im Allgemeinen f\u00fcr einen k\u00fcrzeren Zeitraum aufbewahrt, es sei denn, diese Daten werden zur Verbesserung der Sicherheit oder zur Verbesserung der Funktionalit\u00e4t unseres Dienstes verwendet oder wir sind gesetzlich verpflichtet, diese Daten f\u00fcr l\u00e4ngere Zeitr\u00e4ume aufzubewahren. <\/p>\n<\/div>\n<\/div>\n<div data-id=\"7c8aefd\" data-element_type=\"widget\" data-widget_type=\"text-editor.default\">\n<div>\n<h3>Verarbeitung von Kinderdaten<\/h3>\n<p>Keines unserer Produkte oder Dienstleistungen richtet sich an Kinder unter 13 Jahren, und wir erfassen wissentlich keine Daten von Kindern unter 13 Jahren. Wenn wir den Verdacht haben, dass wir Daten einer Person unter 13 Jahren verarbeiten, werden wir diese Person aus all unseren Datenbanken entfernen. <\/p>\n<\/div>\n<\/div>\n<div data-id=\"84918d2\" data-element_type=\"widget\" data-widget_type=\"heading.default\">\n<div>\n<h2>Ihre Rechte zum Schutz Ihrer Daten<\/h2>\n<\/div>\n<\/div>\n<div data-id=\"3685ef1\" data-element_type=\"widget\" data-widget_type=\"text-editor.default\">\n<div>\n<p>Sie haben jederzeit das Recht, Ihre Daten nicht mit uns zu teilen, in dem Wissen, dass dies Ihre Erfahrung auf unserer Website beeintr\u00e4chtigen kann. Wenn Sie sich entscheiden, Ihre Daten nicht mit uns zu teilen, werden wir Sie deswegen nicht schlechter behandeln. Wenn Sie uns personenbezogene Daten zur Verf\u00fcgung stellen, verstehen Sie, dass wir diese gem\u00e4\u00df dieser Datenschutzerkl\u00e4rung erfassen, speichern, verwenden und offenlegen werden. Sie haben das Recht, Details zu den von uns \u00fcber Sie erfassten Daten anzufordern.   <\/p>\n<p>Wenn wir personenbezogene Daten \u00fcber Sie von einem Dritten erhalten, werden wir diese gem\u00e4\u00df dieser Datenschutzerkl\u00e4rung und dem Gesetz der Republik Estland sch\u00fctzen. Wenn Sie selbst Daten Dritter teilen, best\u00e4tigen Sie, dass Sie auch das Recht und die Erlaubnis dazu haben. <\/p>\n<p>Auch wenn Sie zuvor der Weitergabe Ihrer personenbezogenen Daten an uns zu Marketingzwecken zugestimmt haben, haben Sie jederzeit das Recht, Ihre Meinung zu \u00e4ndern. Sie haben jederzeit das Recht, die Kommunikation mit uns abzulehnen und zu verlangen, dass wir Ihre Daten aus unseren Datenbanken entfernen. Von Zeit zu Zeit k\u00f6nnen wir auch Informationen \u00fcber Sie anfordern, um Ihre Identit\u00e4t zu best\u00e4tigen. Wenn Sie feststellen, dass die von uns \u00fcber Sie gesammelten Daten ungenau, veraltet, unvollst\u00e4ndig, irrelevant oder irref\u00fchrend sind, kontaktieren Sie uns bitte per E-Mail: privacy@bomb-bunker.com. Wir werden alles in unserer Macht Stehende tun, um ungenaue, unvollst\u00e4ndige, irref\u00fchrende oder veraltete Informationen zu korrigieren.    <\/p>\n<p>Wenn Sie der Meinung sind, dass wir gegen ein einschl\u00e4giges Datenschutzgesetz versto\u00dfen haben und eine Beschwerde einreichen m\u00f6chten, kontaktieren Sie uns bitte \u00fcber die in diesem Dokument angegebenen Kontaktdaten und teilen Sie uns alle Details des Versto\u00dfes mit. Wir werden Ihre Beschwerde umgehend untersuchen und Ihnen schriftlich antworten, die Ergebnisse der Untersuchung darlegen und die Schritte erl\u00e4utern, die wir zur Beilegung Ihrer Beschwerde unternehmen werden. Sie haben auch das Recht, eine Aufsichtsbeh\u00f6rde oder eine Datenschutzbeh\u00f6rde zu kontaktieren.  <\/p>\n<\/div>\n<\/div>\n<div data-id=\"41d22b3\" data-element_type=\"widget\" data-widget_type=\"heading.default\">\n<div>\n<h2>DSGVO-Datenschutzrechte<\/h2>\n<\/div>\n<\/div>\n<div data-id=\"09cbc6e\" data-element_type=\"widget\" data-widget_type=\"text-editor.default\">\n<div>\n<p>Wir m\u00f6chten sicherstellen, dass Sie \u00fcber alle Ihre Datenschutzrechte informiert sind. Jeder Nutzer der Website hat Anspruch auf die folgenden Bedingungen: <\/p>\n<ul>\n<li>Das Recht auf Auskunft \u2013 Sie haben das Recht, Kopien Ihrer personenbezogenen Daten anzufordern.<\/li>\n<li>Das Recht auf Berichtigung \u2013 Sie haben das Recht, von uns die Berichtigung von Daten zu verlangen, die Sie f\u00fcr ungenau halten. Sie haben auch das Recht, von uns die Vervollst\u00e4ndigung von Daten zu verlangen, die Sie f\u00fcr unvollst\u00e4ndig halten. <\/li>\n<li>Das Recht auf L\u00f6schung \u2013 unter bestimmten Bedingungen haben Sie das Recht, die L\u00f6schung Ihrer personenbezogenen Daten zu verlangen.<\/li>\n<li>Das Recht auf Einschr\u00e4nkung der Verarbeitung \u2013 unter bestimmten Bedingungen haben Sie das Recht, von uns die Einschr\u00e4nkung der Nutzung Ihrer personenbezogenen Daten zu verlangen.<\/li>\n<li>Das Recht auf Widerspruch gegen die Nutzung personenbezogener Daten \u2013 unter bestimmten Bedingungen haben Sie das Recht, der Nutzung Ihrer personenbezogenen Daten zu widersprechen.<\/li>\n<li>Das Recht auf Daten\u00fcbertragbarkeit \u2013 unter bestimmten Bedingungen haben Sie das Recht, von uns die \u00dcbertragung der gesammelten Daten an einen Dritten oder direkt an Sie zu verlangen.<\/li>\n<\/ul>\n<\/div>\n<\/div>\n<div data-id=\"662ee3c\" data-element_type=\"widget\" data-widget_type=\"heading.default\">\n<div>\n<h2>Die Sicherheit Ihrer Daten<\/h2>\n<\/div>\n<\/div>\n<div data-id=\"20be32c\" data-element_type=\"widget\" data-widget_type=\"text-editor.default\">\n<div>\n<p>Die Sicherheit Ihrer personenbezogenen Daten ist uns wichtig, aber bitte denken Sie daran, dass keine Methode des Informationsaustauschs \u00fcber das Internet oder der elektronischen Speicherung 100 % sicher ist. Obwohl wir unser Bestes tun, um Ihre Daten zu sch\u00fctzen, k\u00f6nnen wir deren vollst\u00e4ndige Sicherheit nicht garantieren. <\/p>\n<p>Bomb Shelter Finland Oy wird alle vern\u00fcnftigerweise notwendigen Ma\u00dfnahmen ergreifen, um sicherzustellen, dass Ihre Daten sicher und in \u00dcbereinstimmung mit dieser Datenschutzerkl\u00e4rung und dem Gesetz der Republik Estland verarbeitet werden. Ihre Daten werden keiner Organisation oder keinem Land \u00fcbermittelt, es sei denn, es gibt einen triftigen Grund daf\u00fcr und die Sicherheit Ihrer Daten ist gew\u00e4hrleistet. <\/p>\n<\/div>\n<\/div>\n<div data-id=\"7d5e75c\" data-element_type=\"widget\" data-widget_type=\"heading.default\">\n<div>\n<h2>Verlinkung zu anderen Websites<\/h2>\n<\/div>\n<\/div>\n<div data-id=\"26d157a\" data-element_type=\"widget\" data-widget_type=\"text-editor.default\">\n<div>\n<p>Auf unserer Website finden Sie m\u00f6glicherweise Links zu anderen Websites, die nicht zu uns geh\u00f6ren. Wenn Sie auf einen Drittanbieter-Link klicken, werden Sie auf die Website dieses Drittanbieters weitergeleitet. Wir empfehlen Ihnen dringend, die Datenschutzerkl\u00e4rung jeder von Ihnen besuchten Website zu \u00fcberpr\u00fcfen.  <\/p>\n<p>Wir haben keine Kontrolle \u00fcber und \u00fcbernehmen keine Verantwortung f\u00fcr den Inhalt, die Datenschutzrichtlinien, die angebotenen Dienste oder Sonstiges von Drittanbieter-Websites.<\/p>\n<\/div>\n<\/div>\n<div data-id=\"4cfcb6b\" data-element_type=\"widget\" data-widget_type=\"heading.default\">\n<div>\n<h2>Aktualisierungen der Datenschutzerkl\u00e4rung<\/h2>\n<\/div>\n<\/div>\n<div data-id=\"2998162\" data-element_type=\"widget\" data-widget_type=\"text-editor.default\">\n<div>\n<p>Bei Bedarf haben wir das Recht, \u00c4nderungen an diesem Datenschutzerkl\u00e4rung-Dokument vorzunehmen. Nach der Aktualisierung der Datenschutzerkl\u00e4rung werden wir das am Ende des Dokuments befindliche Aktualisierungsdatum \u00e4ndern. Wenn Sie unsere Website nach der Aktualisierung der Datenschutzerkl\u00e4rung besuchen und nutzen, werten wir dies als Ihre stillschweigende Zustimmung zu den \u00c4nderungen.  <\/p>\n<p>Zuletzt ge\u00e4ndert am 26.09.2025<\/p>\n<\/div>\n<\/div>\t\t\t\t\t\t\t\t<\/div>\n\t\t\t\t<\/div>\n\t\t\t\t\t<\/div>\n\t\t\t\t<\/div>\n\t\t\t\t<\/div>\n\t\t","protected":false},"excerpt":{"rendered":"<p>BSF Shelters legt Wert auf den Schutz Ihrer Privatsph\u00e4re und die Einhaltung aller geltenden Gesetze und Vorschriften bez\u00fcglich aller personenbezogenen Daten, die wir m\u00f6glicherweise \u00fcber Sie erfassen, wenn Sie unsere Website unter bomb-bunker.com besuchen. Durch die Nutzung unserer Website erkl\u00e4ren Sie sich damit einverstanden, dass wir Ihre Daten gem\u00e4\u00df dieser Datenschutzerkl\u00e4rung erfassen und verwenden d\u00fcrfen. [&hellip;]<\/p>\n","protected":false},"author":1,"featured_media":0,"parent":0,"menu_order":0,"comment_status":"closed","ping_status":"closed","template":"","meta":{"site-sidebar-layout":"default","site-content-layout":"","ast-site-content-layout":"","site-content-style":"default","site-sidebar-style":"default","ast-global-header-display":"","ast-banner-title-visibility":"","ast-main-header-display":"","ast-hfb-above-header-display":"","ast-hfb-below-header-display":"","ast-hfb-mobile-header-display":"","site-post-title":"","ast-breadcrumbs-content":"","ast-featured-img":"","footer-sml-layout":"","theme-transparent-header-meta":"","adv-header-id-meta":"","stick-header-meta":"","header-above-stick-meta":"","header-main-stick-meta":"","header-below-stick-meta":"","astra-migrate-meta-layouts":"default","ast-page-background-enabled":"default","ast-page-background-meta":{"desktop":{"background-color":"var(--ast-global-color-4)","background-image":"","background-repeat":"repeat","background-position":"center center","background-size":"auto","background-attachment":"scroll","background-type":"","background-media":"","overlay-type":"","overlay-color":"","overlay-opacity":"","overlay-gradient":""},"tablet":{"background-color":"","background-image":"","background-repeat":"repeat","background-position":"center center","background-size":"auto","background-attachment":"scroll","background-type":"","background-media":"","overlay-type":"","overlay-color":"","overlay-opacity":"","overlay-gradient":""},"mobile":{"background-color":"","background-image":"","background-repeat":"repeat","background-position":"center center","background-size":"auto","background-attachment":"scroll","background-type":"","background-media":"","overlay-type":"","overlay-color":"","overlay-opacity":"","overlay-gradient":""}},"ast-content-background-meta":{"desktop":{"background-color":"var(--ast-global-color-5)","background-image":"","background-repeat":"repeat","background-position":"center center","background-size":"auto","background-attachment":"scroll","background-type":"","background-media":"","overlay-type":"","overlay-color":"","overlay-opacity":"","overlay-gradient":""},"tablet":{"background-color":"var(--ast-global-color-5)","background-image":"","background-repeat":"repeat","background-position":"center center","background-size":"auto","background-attachment":"scroll","background-type":"","background-media":"","overlay-type":"","overlay-color":"","overlay-opacity":"","overlay-gradient":""},"mobile":{"background-color":"var(--ast-global-color-5)","background-image":"","background-repeat":"repeat","background-position":"center center","background-size":"auto","background-attachment":"scroll","background-type":"","background-media":"","overlay-type":"","overlay-color":"","overlay-opacity":"","overlay-gradient":""}},"footnotes":""},"class_list":["post-1828","page","type-page","status-publish","hentry"],"_links":{"self":[{"href":"https:\/\/bomb-bunker.com\/de\/wp-json\/wp\/v2\/pages\/1828","targetHints":{"allow":["GET"]}}],"collection":[{"href":"https:\/\/bomb-bunker.com\/de\/wp-json\/wp\/v2\/pages"}],"about":[{"href":"https:\/\/bomb-bunker.com\/de\/wp-json\/wp\/v2\/types\/page"}],"author":[{"embeddable":true,"href":"https:\/\/bomb-bunker.com\/de\/wp-json\/wp\/v2\/users\/1"}],"replies":[{"embeddable":true,"href":"https:\/\/bomb-bunker.com\/de\/wp-json\/wp\/v2\/comments?post=1828"}],"version-history":[{"count":1,"href":"https:\/\/bomb-bunker.com\/de\/wp-json\/wp\/v2\/pages\/1828\/revisions"}],"predecessor-version":[{"id":1829,"href":"https:\/\/bomb-bunker.com\/de\/wp-json\/wp\/v2\/pages\/1828\/revisions\/1829"}],"wp:attachment":[{"href":"https:\/\/bomb-bunker.com\/de\/wp-json\/wp\/v2\/media?parent=1828"}],"curies":[{"name":"wp","href":"https:\/\/api.w.org\/{rel}","templated":true}]}}